{"id":505,"date":"2017-10-03T08:37:27","date_gmt":"2017-10-03T06:37:27","guid":{"rendered":"https:\/\/www.edilog.se\/startsida2\/"},"modified":"2025-07-16T12:28:36","modified_gmt":"2025-07-16T10:28:36","slug":"startsida2","status":"publish","type":"page","link":"https:\/\/www.edilog.se\/fi\/","title":{"rendered":"Startsida"},"content":{"rendered":"<div id=\"cs-content\" class=\"cs-content\"><\/div>\n","protected":false},"excerpt":{"rendered":"<p>EDILOG \u2013 UUDEN SUKUPOLVEN PUUKUROTTAJAKest\u00e4vyytt\u00e4 parantavat, p\u00e4\u00e4st\u00f6j\u00e4 v\u00e4hent\u00e4v\u00e4t ja k\u00e4ytt\u00e4j\u00e4tuntuman maksimoivat ominaisuudet, s\u00e4hk\u00f6k\u00e4ytt\u00f6isyys ja innovatiivinen muotoilu, tekev\u00e4t EdiLogista seuraavan sukupolven puukurottajan. Nykyaikainen teknologia takaa luotettavuuden ja alentaa jokap\u00e4iv\u00e4isen vuorokauden ymp\u00e4ri py\u00f6ritett\u00e4v\u00e4n tuotantokriittisen toiminnan k\u00e4ytt\u00f6kustannuksia. EdiLog tarttuu moderniin teknologiaan ja nostaa kest\u00e4vyyden uudelle tasolle. Lue lis\u00e4\u00e4 EdilogistaKORKEIN KAPASITEETTI JA SUORITUSKYKY, MAKSIMAALINEN KEST\u00c4VYYSS\u00e4hk\u00f6k\u00e4ytt\u00f6inen EdiLog, uuden sukupolven puukurottaja, on syntynyt halustamme, kyvyst\u00e4mme ja &#8230; <a href=\"https:\/\/www.edilog.se\/fi\/edilog-kasvattaa-tuotantoa-ja-tuotekehitysta-uusissa-tuotantotiloissa\/\" class=\"more-link\">Read More<\/a><\/p>\n","protected":false},"author":1,"featured_media":0,"parent":0,"menu_order":0,"comment_status":"closed","ping_status":"closed","template":"template-blank-4.php","meta":{"_acf_changed":false,"footnotes":""},"class_list":["post-505","page","type-page","status-publish","hentry","no-post-thumbnail"],"acf":[],"_links":{"self":[{"href":"https:\/\/www.edilog.se\/fi\/wp-json\/wp\/v2\/pages\/505","targetHints":{"allow":["GET"]}}],"collection":[{"href":"https:\/\/www.edilog.se\/fi\/wp-json\/wp\/v2\/pages"}],"about":[{"href":"https:\/\/www.edilog.se\/fi\/wp-json\/wp\/v2\/types\/page"}],"author":[{"embeddable":true,"href":"https:\/\/www.edilog.se\/fi\/wp-json\/wp\/v2\/users\/1"}],"replies":[{"embeddable":true,"href":"https:\/\/www.edilog.se\/fi\/wp-json\/wp\/v2\/comments?post=505"}],"version-history":[{"count":84,"href":"https:\/\/www.edilog.se\/fi\/wp-json\/wp\/v2\/pages\/505\/revisions"}],"predecessor-version":[{"id":941,"href":"https:\/\/www.edilog.se\/fi\/wp-json\/wp\/v2\/pages\/505\/revisions\/941"}],"wp:attachment":[{"href":"https:\/\/www.edilog.se\/fi\/wp-json\/wp\/v2\/media?parent=505"}],"curies":[{"name":"wp","href":"https:\/\/api.w.org\/{rel}","templated":true}]}}